{"id":23767,"date":"2023-07-05T21:32:11","date_gmt":"2023-07-06T01:32:11","guid":{"rendered":"https:\/\/hortis.co\/?post_type=product&#038;p=23767"},"modified":"2024-06-07T21:32:57","modified_gmt":"2024-06-08T01:32:57","slug":"pantalon-de-travail-blaklader-femme","status":"publish","type":"product","link":"https:\/\/hortis.co\/fr\/produit\/pantalon-de-travail-blaklader-femme\/","title":{"rendered":"Pantalon de travail Blaklader &#8211; Femme"},"content":{"rendered":"","protected":false},"excerpt":{"rendered":"<div class=\"MuiGrid-root MuiGrid-item MuiGrid-grid-xs-12 css-1k6yhaw\">\n<div class=\"jss891 MuiBox-root css-0\">Le pantalon de service 7153 est fabriqu\u00e9 dans un tissu l\u00e9ger et respirant. Au lieu de renforts CORDURA, des panneaux extensibles ont \u00e9t\u00e9 strat\u00e9giquement plac\u00e9 pour offrir plus de confort, de flexibilit\u00e9 et de respirabilit\u00e9, tout en ayant encore beaucoup de poches.\u00a0Ce pantalon n&rsquo;est pas seulement fait pour le travail, il est fait pour la vie !<\/div>\n<\/div>\n<div class=\"MuiGrid-root MuiGrid-item MuiGrid-grid-xs-12 css-1k6yhaw\"><\/div>\n<div class=\"MuiGrid-root MuiGrid-item MuiGrid-grid-xs-12 css-1k6yhaw\">\n<div class=\"MuiPaper-root MuiPaper-elevation MuiPaper-elevation0 MuiAccordion-root Mui-expanded css-jf5c1d\">\n<div id=\"panel4d-header\" class=\"MuiButtonBase-root MuiAccordionSummary-root Mui-expanded css-1ltfa6t\" tabindex=\"0\">\n<div class=\"MuiAccordionSummary-content Mui-expanded css-1n11r91\">\n<div class=\"MuiBox-root css-1upilqn\"><\/div>\n<div class=\"MuiBox-root css-1upilqn\">\n<p class=\"MuiTypography-root MuiTypography-body1 css-1uciowc\"><strong><span class=\"MuiTypography-root MuiTypography-button css-1qdob74\">MAT\u00c9RIAU<\/span><\/strong><\/p>\n<ul>\n<li class=\"MuiTypography-root MuiTypography-body1 css-1tbol7s\">65 % polyester, 35 % coton, uni<\/li>\n<li class=\"MuiTypography-root MuiTypography-body1 css-1tbol7s\">5 oz<\/li>\n<li class=\"MuiTypography-root MuiTypography-body1 css-1tbol7s\">Tissu l\u00e9ger pour le confort en climat chaud.<\/li>\n<\/ul>\n<\/div>\n<div class=\"MuiBox-root css-1upilqn\"><\/div>\n<div class=\"MuiBox-root css-1upilqn\">\n<p><strong><span class=\"MuiTypography-root MuiTypography-button css-1qdob74\">FONCTIONNALIT\u00c9<\/span><\/strong><\/p>\n<ul>\n<li class=\"MuiTypography-root MuiTypography-body1 css-1tbol7s\">Panneau stretch \u00e0 l&rsquo;entrejambe, au niveau du genou et du dos<\/li>\n<li class=\"MuiTypography-root MuiTypography-body1 css-1tbol7s\">Coupe femme, Genoux pr\u00e9form\u00e9s<\/li>\n<\/ul>\n<\/div>\n<div class=\"MuiBox-root css-1upilqn\"><\/div>\n<div class=\"MuiBox-root css-1upilqn\">\n<p><strong><span class=\"MuiTypography-root MuiTypography-button css-1qdob74\">D\u00c9TAILS<\/span><\/strong><\/p>\n<ul>\n<li class=\"MuiTypography-root MuiTypography-body1 css-1tbol7s\">Braguette \u00e0 glissi\u00e8re en plastique<\/li>\n<li class=\"MuiTypography-root MuiTypography-body1 css-1tbol7s\">\u00c9lastique \u00e0 la taille, anneau en D \u00e0 la taille<\/li>\n<\/ul>\n<\/div>\n<div class=\"MuiBox-root css-1upilqn\"><\/div>\n<div class=\"MuiBox-root css-1upilqn\">\n<p><strong><span class=\"MuiTypography-root MuiTypography-button css-1qdob74\">LES POCHES<\/span><\/strong><\/p>\n<ul>\n<li class=\"MuiTypography-root MuiTypography-body1 css-1tbol7s\">Poches cuisses \u00e0 soufflet, zipp\u00e9es, poche stylo et poche couteau<\/li>\n<li class=\"MuiTypography-root MuiTypography-body1 css-1tbol7s\">Poches \u00e0 empi\u00e8cements<\/li>\n<li class=\"MuiTypography-root MuiTypography-body1 css-1tbol7s\">Poche t\u00e9l\u00e9phone int\u00e9rieure<\/li>\n<li class=\"MuiTypography-root MuiTypography-body1 css-1tbol7s\">Poche int\u00e9rieure pour m\u00e8tre<\/li>\n<li class=\"MuiTypography-root MuiTypography-body1 css-1tbol7s\">Couleur : Gris<\/li>\n<li class=\"MuiTypography-root MuiTypography-body1 css-1tbol7s\">Tailles offertes : 4, 6, 8, 10<\/li>\n<\/ul>\n<p>&nbsp;<\/p>\n<\/div>\n<\/div>\n<\/div>\n<\/div>\n<\/div>\n","protected":false},"featured_media":23769,"template":"","meta":{"site-sidebar-layout":"default","site-content-layout":"default","ast-site-content-layout":"default","site-content-style":"default","site-sidebar-style":"default","ast-global-header-display":"","ast-banner-title-visibility":"","ast-main-header-display":"","ast-hfb-above-header-display":"","ast-hfb-below-header-display":"","ast-hfb-mobile-header-display":"","site-post-title":"","ast-breadcrumbs-content":"","ast-featured-img":"","footer-sml-layout":"","ast-disable-related-posts":"","theme-transparent-header-meta":"default","adv-header-id-meta":"","stick-header-meta":"default","header-above-stick-meta":"","header-main-stick-meta":"","header-below-stick-meta":"","astra-migrate-meta-layouts":"set","ast-page-background-enabled":"default","ast-page-background-meta":{"desktop":{"background-color":"","background-image":"","background-repeat":"repeat","background-position":"center center","background-size":"auto","background-attachment":"scroll","background-type":"","background-media":"","overlay-type":"","overlay-color":"","overlay-opacity":"","overlay-gradient":""},"tablet":{"background-color":"","background-image":"","background-repeat":"repeat","background-position":"center center","background-size":"auto","background-attachment":"scroll","background-type":"","background-media":"","overlay-type":"","overlay-color":"","overlay-opacity":"","overlay-gradient":""},"mobile":{"background-color":"","background-image":"","background-repeat":"repeat","background-position":"center center","background-size":"auto","background-attachment":"scroll","background-type":"","background-media":"","overlay-type":"","overlay-color":"","overlay-opacity":"","overlay-gradient":""}},"ast-content-background-meta":{"desktop":{"background-color":"var(--ast-global-color-5)","background-image":"","background-repeat":"repeat","background-position":"center center","background-size":"auto","background-attachment":"scroll","background-type":"","background-media":"","overlay-type":"","overlay-color":"","overlay-opacity":"","overlay-gradient":""},"tablet":{"background-color":"var(--ast-global-color-5)","background-image":"","background-repeat":"repeat","background-position":"center center","background-size":"auto","background-attachment":"scroll","background-type":"","background-media":"","overlay-type":"","overlay-color":"","overlay-opacity":"","overlay-gradient":""},"mobile":{"background-color":"var(--ast-global-color-5)","background-image":"","background-repeat":"repeat","background-position":"center center","background-size":"auto","background-attachment":"scroll","background-type":"","background-media":"","overlay-type":"","overlay-color":"","overlay-opacity":"","overlay-gradient":""}}},"product_brand":[],"product_cat":[541],"product_tag":[],"class_list":{"0":"post-23767","1":"product","2":"type-product","3":"status-publish","4":"has-post-thumbnail","6":"product_cat-pantalon","7":"desktop-align-left","8":"tablet-align-left","9":"mobile-align-left","10":"ast-product-gallery-layout-horizontal-slider","11":"ast-product-gallery-with-no-image","12":"ast-product-tabs-layout-horizontal","14":"first","15":"instock","16":"taxable","17":"shipping-taxable","18":"purchasable","19":"product-type-simple"},"_links":{"self":[{"href":"https:\/\/hortis.co\/fr\/wp-json\/wp\/v2\/product\/23767","targetHints":{"allow":["GET"]}}],"collection":[{"href":"https:\/\/hortis.co\/fr\/wp-json\/wp\/v2\/product"}],"about":[{"href":"https:\/\/hortis.co\/fr\/wp-json\/wp\/v2\/types\/product"}],"wp:featuredmedia":[{"embeddable":true,"href":"https:\/\/hortis.co\/fr\/wp-json\/wp\/v2\/media\/23769"}],"wp:attachment":[{"href":"https:\/\/hortis.co\/fr\/wp-json\/wp\/v2\/media?parent=23767"}],"wp:term":[{"taxonomy":"product_brand","embeddable":true,"href":"https:\/\/hortis.co\/fr\/wp-json\/wp\/v2\/product_brand?post=23767"},{"taxonomy":"product_cat","embeddable":true,"href":"https:\/\/hortis.co\/fr\/wp-json\/wp\/v2\/product_cat?post=23767"},{"taxonomy":"product_tag","embeddable":true,"href":"https:\/\/hortis.co\/fr\/wp-json\/wp\/v2\/product_tag?post=23767"}],"curies":[{"name":"wp","href":"https:\/\/api.w.org\/{rel}","templated":true}]}}