{"id":23784,"date":"2023-07-06T21:40:50","date_gmt":"2023-07-07T01:40:50","guid":{"rendered":"https:\/\/hortis.co\/?post_type=product&#038;p=23784"},"modified":"2024-06-07T21:03:23","modified_gmt":"2024-06-08T01:03:23","slug":"manteau-de-pluie-blaklader","status":"publish","type":"product","link":"https:\/\/hortis.co\/fr\/produit\/manteau-de-pluie-blaklader\/","title":{"rendered":"Manteau de pluie Blaklader"},"content":{"rendered":"","protected":false},"excerpt":{"rendered":"<p><strong>CARACT\u00c9RISTIQUES<\/strong><\/p>\n<p>Manteau imperm\u00e9able recouvert de polyur\u00e9thane. \u00c0 l\u2019\u00e9preuve de l\u2019eau et du vent, pour vous garder au sec et concentr\u00e9 m\u00eame par mauvais temps. De couleur noire, peu salissante, vous aurez fi\u00e8re allure m\u00eame sur les chantiers les plus sales.<\/p>\n<h3><strong>Fabrication:<\/strong><\/h3>\n<ul>\n<li>100 % polyester<\/li>\n<li>PU lamin\u00e9<\/li>\n<li>Coupe-vent, imperm\u00e9able et respirant<\/li>\n<li>7 oz<\/li>\n<\/ul>\n<h3><strong>Fonctionnalit\u00e9:<\/strong><\/h3>\n<ul>\n<li>Coupe-vent et r\u00e9sistant \u00e0 l&rsquo;eau, avec coutures \u00e9tanch\u00e9es<\/li>\n<li>A\u00e9ration dans le dos<\/li>\n<\/ul>\n<p><strong>D\u00e9tails:<\/strong><\/p>\n<ul>\n<li>Boutons-pression en plastique<\/li>\n<li>Col en molleton<\/li>\n<li>Capuche amovible et r\u00e9glable<\/li>\n<li>Anneau D<\/li>\n<li>Fermeture \u00e9clair plastique recouverte sur deux c\u00f4t\u00e9s<\/li>\n<li>Fermeture avant par boutons brevet\u00e9s<\/li>\n<li>Double rabat de protection avec boutons<\/li>\n<li>Bande r\u00e9fl\u00e9chissante au corps, manches et \u00e9paules<\/li>\n<\/ul>\n<h3><strong>Poches:<\/strong><\/h3>\n<ul>\n<li>Poche avant avec rabat et bouton poussoir<\/li>\n<li>Poche Napol\u00e9on \u00e0 l&rsquo;int\u00e9rieur du rabat protecteur avant<\/li>\n<\/ul>\n<h3><strong>Finition:<\/strong><\/h3>\n<ul>\n<li>Extension au niveau du bas du dos, Bas r\u00e9glable par cordons de serrage<\/li>\n<li>Extr\u00e9mit\u00e9 manche r\u00e9glable avec manchette interne en n\u00e9opr\u00e8ne<\/li>\n<\/ul>\n<p>&nbsp;<\/p>\n<p>Couleur: Noir<\/p>\n<p>Tailles offertes: M, G, TG, 2TG<\/p>\n<p>&nbsp;<\/p>\n","protected":false},"featured_media":23785,"template":"","meta":{"site-sidebar-layout":"default","site-content-layout":"default","ast-site-content-layout":"default","site-content-style":"default","site-sidebar-style":"default","ast-global-header-display":"","ast-banner-title-visibility":"","ast-main-header-display":"","ast-hfb-above-header-display":"","ast-hfb-below-header-display":"","ast-hfb-mobile-header-display":"","site-post-title":"","ast-breadcrumbs-content":"","ast-featured-img":"","footer-sml-layout":"","ast-disable-related-posts":"","theme-transparent-header-meta":"default","adv-header-id-meta":"","stick-header-meta":"default","header-above-stick-meta":"","header-main-stick-meta":"","header-below-stick-meta":"","astra-migrate-meta-layouts":"set","ast-page-background-enabled":"default","ast-page-background-meta":{"desktop":{"background-color":"","background-image":"","background-repeat":"repeat","background-position":"center center","background-size":"auto","background-attachment":"scroll","background-type":"","background-media":"","overlay-type":"","overlay-color":"","overlay-opacity":"","overlay-gradient":""},"tablet":{"background-color":"","background-image":"","background-repeat":"repeat","background-position":"center center","background-size":"auto","background-attachment":"scroll","background-type":"","background-media":"","overlay-type":"","overlay-color":"","overlay-opacity":"","overlay-gradient":""},"mobile":{"background-color":"","background-image":"","background-repeat":"repeat","background-position":"center center","background-size":"auto","background-attachment":"scroll","background-type":"","background-media":"","overlay-type":"","overlay-color":"","overlay-opacity":"","overlay-gradient":""}},"ast-content-background-meta":{"desktop":{"background-color":"var(--ast-global-color-5)","background-image":"","background-repeat":"repeat","background-position":"center center","background-size":"auto","background-attachment":"scroll","background-type":"","background-media":"","overlay-type":"","overlay-color":"","overlay-opacity":"","overlay-gradient":""},"tablet":{"background-color":"var(--ast-global-color-5)","background-image":"","background-repeat":"repeat","background-position":"center center","background-size":"auto","background-attachment":"scroll","background-type":"","background-media":"","overlay-type":"","overlay-color":"","overlay-opacity":"","overlay-gradient":""},"mobile":{"background-color":"var(--ast-global-color-5)","background-image":"","background-repeat":"repeat","background-position":"center center","background-size":"auto","background-attachment":"scroll","background-type":"","background-media":"","overlay-type":"","overlay-color":"","overlay-opacity":"","overlay-gradient":""}}},"product_brand":[],"product_cat":[542],"product_tag":[],"class_list":{"0":"post-23784","1":"product","2":"type-product","3":"status-publish","4":"has-post-thumbnail","6":"product_cat-vetements-de-pluie","7":"desktop-align-left","8":"tablet-align-left","9":"mobile-align-left","10":"ast-product-gallery-layout-horizontal-slider","11":"ast-product-gallery-with-no-image","12":"ast-product-single-variable","13":"ast-product-tabs-layout-horizontal","15":"first","16":"instock","17":"taxable","18":"shipping-taxable","19":"purchasable","20":"product-type-variable"},"_links":{"self":[{"href":"https:\/\/hortis.co\/fr\/wp-json\/wp\/v2\/product\/23784","targetHints":{"allow":["GET"]}}],"collection":[{"href":"https:\/\/hortis.co\/fr\/wp-json\/wp\/v2\/product"}],"about":[{"href":"https:\/\/hortis.co\/fr\/wp-json\/wp\/v2\/types\/product"}],"wp:featuredmedia":[{"embeddable":true,"href":"https:\/\/hortis.co\/fr\/wp-json\/wp\/v2\/media\/23785"}],"wp:attachment":[{"href":"https:\/\/hortis.co\/fr\/wp-json\/wp\/v2\/media?parent=23784"}],"wp:term":[{"taxonomy":"product_brand","embeddable":true,"href":"https:\/\/hortis.co\/fr\/wp-json\/wp\/v2\/product_brand?post=23784"},{"taxonomy":"product_cat","embeddable":true,"href":"https:\/\/hortis.co\/fr\/wp-json\/wp\/v2\/product_cat?post=23784"},{"taxonomy":"product_tag","embeddable":true,"href":"https:\/\/hortis.co\/fr\/wp-json\/wp\/v2\/product_tag?post=23784"}],"curies":[{"name":"wp","href":"https:\/\/api.w.org\/{rel}","templated":true}]}}