{"id":23802,"date":"2023-07-06T22:09:01","date_gmt":"2023-07-07T02:09:01","guid":{"rendered":"https:\/\/hortis.co\/?post_type=product&#038;p=23802"},"modified":"2024-06-07T20:44:30","modified_gmt":"2024-06-08T00:44:30","slug":"bermuda-ripstop-jackfield","status":"publish","type":"product","link":"https:\/\/hortis.co\/fr\/produit\/bermuda-ripstop-jackfield\/","title":{"rendered":"Bermuda ripstop Jackfield"},"content":{"rendered":"","protected":false},"excerpt":{"rendered":"<p><strong>CARACT\u00c9RISTIQUES<\/strong><\/p>\n<ul>\n<li>Tissu 195 GSM (5.75 oz)\n<ul>\n<li>64% polyester<\/li>\n<li>33% coton<\/li>\n<li>3% spandex<\/li>\n<\/ul>\n<\/li>\n<li>Tissu ind\u00e9chirable<\/li>\n<li>Ol\u00e9ofuge et hydrofuge<\/li>\n<li>Taille r\u00e9guli\u00e8re<\/li>\n<li>Taille \u00e9lastique ajustable<\/li>\n<li>Bande antid\u00e9rapante \u00e0 l\u2019int\u00e9rieur de la taille<\/li>\n<li>Deux poches doubles \u00e0 la taille et deux poches \u00e0 l\u2019arri\u00e8re<\/li>\n<li>Deux poches utilitaires cargo et une poche \u00e0 t\u00e9l\u00e9phone cellulaire<\/li>\n<li>Fermeture \u00e9clair en laiton avec bouton \u00e0 la taille<\/li>\n<li>Fil de haute r\u00e9sistance et points de tension renforc\u00e9s<\/li>\n<li>Couleur: Noir<\/li>\n<li>Largeurs offertes: 32, 34, 36, 38, 40, 42<\/li>\n<\/ul>\n","protected":false},"featured_media":23803,"template":"","meta":{"site-sidebar-layout":"default","site-content-layout":"default","ast-site-content-layout":"default","site-content-style":"default","site-sidebar-style":"default","ast-global-header-display":"","ast-banner-title-visibility":"","ast-main-header-display":"","ast-hfb-above-header-display":"","ast-hfb-below-header-display":"","ast-hfb-mobile-header-display":"","site-post-title":"","ast-breadcrumbs-content":"","ast-featured-img":"","footer-sml-layout":"","ast-disable-related-posts":"","theme-transparent-header-meta":"default","adv-header-id-meta":"","stick-header-meta":"default","header-above-stick-meta":"","header-main-stick-meta":"","header-below-stick-meta":"","astra-migrate-meta-layouts":"set","ast-page-background-enabled":"default","ast-page-background-meta":{"desktop":{"background-color":"","background-image":"","background-repeat":"repeat","background-position":"center center","background-size":"auto","background-attachment":"scroll","background-type":"","background-media":"","overlay-type":"","overlay-color":"","overlay-opacity":"","overlay-gradient":""},"tablet":{"background-color":"","background-image":"","background-repeat":"repeat","background-position":"center center","background-size":"auto","background-attachment":"scroll","background-type":"","background-media":"","overlay-type":"","overlay-color":"","overlay-opacity":"","overlay-gradient":""},"mobile":{"background-color":"","background-image":"","background-repeat":"repeat","background-position":"center center","background-size":"auto","background-attachment":"scroll","background-type":"","background-media":"","overlay-type":"","overlay-color":"","overlay-opacity":"","overlay-gradient":""}},"ast-content-background-meta":{"desktop":{"background-color":"var(--ast-global-color-5)","background-image":"","background-repeat":"repeat","background-position":"center center","background-size":"auto","background-attachment":"scroll","background-type":"","background-media":"","overlay-type":"","overlay-color":"","overlay-opacity":"","overlay-gradient":""},"tablet":{"background-color":"var(--ast-global-color-5)","background-image":"","background-repeat":"repeat","background-position":"center center","background-size":"auto","background-attachment":"scroll","background-type":"","background-media":"","overlay-type":"","overlay-color":"","overlay-opacity":"","overlay-gradient":""},"mobile":{"background-color":"var(--ast-global-color-5)","background-image":"","background-repeat":"repeat","background-position":"center center","background-size":"auto","background-attachment":"scroll","background-type":"","background-media":"","overlay-type":"","overlay-color":"","overlay-opacity":"","overlay-gradient":""}}},"product_brand":[],"product_cat":[544],"product_tag":[],"class_list":{"0":"post-23802","1":"product","2":"type-product","3":"status-publish","4":"has-post-thumbnail","6":"product_cat-bermudas","7":"desktop-align-left","8":"tablet-align-left","9":"mobile-align-left","10":"ast-product-gallery-layout-horizontal-slider","11":"ast-product-gallery-with-no-image","12":"ast-product-single-variable","13":"ast-product-tabs-layout-horizontal","15":"first","16":"instock","17":"taxable","18":"shipping-taxable","19":"purchasable","20":"product-type-variable"},"_links":{"self":[{"href":"https:\/\/hortis.co\/fr\/wp-json\/wp\/v2\/product\/23802","targetHints":{"allow":["GET"]}}],"collection":[{"href":"https:\/\/hortis.co\/fr\/wp-json\/wp\/v2\/product"}],"about":[{"href":"https:\/\/hortis.co\/fr\/wp-json\/wp\/v2\/types\/product"}],"wp:featuredmedia":[{"embeddable":true,"href":"https:\/\/hortis.co\/fr\/wp-json\/wp\/v2\/media\/23803"}],"wp:attachment":[{"href":"https:\/\/hortis.co\/fr\/wp-json\/wp\/v2\/media?parent=23802"}],"wp:term":[{"taxonomy":"product_brand","embeddable":true,"href":"https:\/\/hortis.co\/fr\/wp-json\/wp\/v2\/product_brand?post=23802"},{"taxonomy":"product_cat","embeddable":true,"href":"https:\/\/hortis.co\/fr\/wp-json\/wp\/v2\/product_cat?post=23802"},{"taxonomy":"product_tag","embeddable":true,"href":"https:\/\/hortis.co\/fr\/wp-json\/wp\/v2\/product_tag?post=23802"}],"curies":[{"name":"wp","href":"https:\/\/api.w.org\/{rel}","templated":true}]}}