{"id":23806,"date":"2023-07-06T22:13:13","date_gmt":"2023-07-07T02:13:13","guid":{"rendered":"https:\/\/hortis.co\/?post_type=product&#038;p=23806"},"modified":"2024-06-07T20:34:50","modified_gmt":"2024-06-08T00:34:50","slug":"bermuda-ripstop-blaklader","status":"publish","type":"product","link":"https:\/\/hortis.co\/fr\/produit\/bermuda-ripstop-blaklader\/","title":{"rendered":"Bermuda ripstop Blaklader"},"content":{"rendered":"","protected":false},"excerpt":{"rendered":"<p><strong>CARACT\u00c9RISTIQUES<\/strong><\/p>\n<p>Gr\u00e2ce au tissu extensible ultra-respirant de l\u2019entrejambe, vous oublierez rapidement que vous portez un de nos mod\u00e8les de shorts les plus robustes. Vous appr\u00e9cierez chaque brise et aurez la libert\u00e9 de faire de grands mouvements ou de sauter sans vous soucier des d\u00e9chirures.<\/p>\n<h3><strong>Fabrication<\/strong><strong>:<\/strong><\/h3>\n<ul>\n<li>60 % coton, 40 % polyester, anti-d\u00e9chirure<\/li>\n<li>7 oz<\/li>\n<\/ul>\n<p><strong>Fonctionnalit\u00e9<\/strong><strong>:<\/strong><\/p>\n<ul>\n<li>Partie stretch \u00e0 l&rsquo;entrejambe<\/li>\n<\/ul>\n<p><strong>Renforcement<\/strong><strong>:<\/strong><\/p>\n<ul>\n<li>Poches arri\u00e8re renforc\u00e9es CORDURA\u00ae<\/li>\n<li>Poches arri\u00e8res et poche m\u00e8tre renforc\u00e9es CORDURA\u00ae<\/li>\n<\/ul>\n<h3><strong>Sp\u00e9cificit\u00e9s<\/strong><\/h3>\n<ul>\n<li>8 ganses<\/li>\n<li>Braguette plastique<\/li>\n<li>Boucle porte-marteau lat\u00e9rale<\/li>\n<li>Passants une avec anneau en D<\/li>\n<li>Triple couture \u00e0 l&rsquo;entrejambe<\/li>\n<\/ul>\n<h3><strong>Poches<\/strong><\/h3>\n<ul>\n<li>Poches arri\u00e8res renforc\u00e9es \u00e0 soufflet<\/li>\n<li>Poche jambe avec rabat et poche stylos et t\u00e9l\u00e9phone<\/li>\n<li>Poche jambe avec fermeture \u00e0 glissi\u00e8re<\/li>\n<\/ul>\n<p>&nbsp;<\/p>\n<p>Couleurs offertes: Beige et Noir<\/p>\n<p>Largeurs offertes: 32, 34, 36, 38<\/p>\n","protected":false},"featured_media":23809,"template":"","meta":{"site-sidebar-layout":"default","site-content-layout":"default","ast-site-content-layout":"default","site-content-style":"default","site-sidebar-style":"default","ast-global-header-display":"","ast-banner-title-visibility":"","ast-main-header-display":"","ast-hfb-above-header-display":"","ast-hfb-below-header-display":"","ast-hfb-mobile-header-display":"","site-post-title":"","ast-breadcrumbs-content":"","ast-featured-img":"","footer-sml-layout":"","ast-disable-related-posts":"","theme-transparent-header-meta":"default","adv-header-id-meta":"","stick-header-meta":"default","header-above-stick-meta":"","header-main-stick-meta":"","header-below-stick-meta":"","astra-migrate-meta-layouts":"default","ast-page-background-enabled":"default","ast-page-background-meta":{"desktop":{"background-color":"","background-image":"","background-repeat":"repeat","background-position":"center center","background-size":"auto","background-attachment":"scroll","background-type":"","background-media":"","overlay-type":"","overlay-color":"","overlay-opacity":"","overlay-gradient":""},"tablet":{"background-color":"","background-image":"","background-repeat":"repeat","background-position":"center center","background-size":"auto","background-attachment":"scroll","background-type":"","background-media":"","overlay-type":"","overlay-color":"","overlay-opacity":"","overlay-gradient":""},"mobile":{"background-color":"","background-image":"","background-repeat":"repeat","background-position":"center center","background-size":"auto","background-attachment":"scroll","background-type":"","background-media":"","overlay-type":"","overlay-color":"","overlay-opacity":"","overlay-gradient":""}},"ast-content-background-meta":{"desktop":{"background-color":"var(--ast-global-color-5)","background-image":"","background-repeat":"repeat","background-position":"center center","background-size":"auto","background-attachment":"scroll","background-type":"","background-media":"","overlay-type":"","overlay-color":"","overlay-opacity":"","overlay-gradient":""},"tablet":{"background-color":"var(--ast-global-color-5)","background-image":"","background-repeat":"repeat","background-position":"center center","background-size":"auto","background-attachment":"scroll","background-type":"","background-media":"","overlay-type":"","overlay-color":"","overlay-opacity":"","overlay-gradient":""},"mobile":{"background-color":"var(--ast-global-color-5)","background-image":"","background-repeat":"repeat","background-position":"center center","background-size":"auto","background-attachment":"scroll","background-type":"","background-media":"","overlay-type":"","overlay-color":"","overlay-opacity":"","overlay-gradient":""}}},"product_brand":[],"product_cat":[544],"product_tag":[],"class_list":{"0":"post-23806","1":"product","2":"type-product","3":"status-publish","4":"has-post-thumbnail","6":"product_cat-bermudas","7":"desktop-align-left","8":"tablet-align-left","9":"mobile-align-left","10":"ast-product-gallery-layout-horizontal-slider","11":"ast-product-gallery-with-no-image","12":"ast-product-single-variable","13":"ast-product-tabs-layout-horizontal","15":"first","16":"instock","17":"taxable","18":"shipping-taxable","19":"purchasable","20":"product-type-variable"},"_links":{"self":[{"href":"https:\/\/hortis.co\/fr\/wp-json\/wp\/v2\/product\/23806","targetHints":{"allow":["GET"]}}],"collection":[{"href":"https:\/\/hortis.co\/fr\/wp-json\/wp\/v2\/product"}],"about":[{"href":"https:\/\/hortis.co\/fr\/wp-json\/wp\/v2\/types\/product"}],"wp:featuredmedia":[{"embeddable":true,"href":"https:\/\/hortis.co\/fr\/wp-json\/wp\/v2\/media\/23809"}],"wp:attachment":[{"href":"https:\/\/hortis.co\/fr\/wp-json\/wp\/v2\/media?parent=23806"}],"wp:term":[{"taxonomy":"product_brand","embeddable":true,"href":"https:\/\/hortis.co\/fr\/wp-json\/wp\/v2\/product_brand?post=23806"},{"taxonomy":"product_cat","embeddable":true,"href":"https:\/\/hortis.co\/fr\/wp-json\/wp\/v2\/product_cat?post=23806"},{"taxonomy":"product_tag","embeddable":true,"href":"https:\/\/hortis.co\/fr\/wp-json\/wp\/v2\/product_tag?post=23806"}],"curies":[{"name":"wp","href":"https:\/\/api.w.org\/{rel}","templated":true}]}}