{"id":24124,"date":"2020-12-26T17:55:18","date_gmt":"2020-12-26T22:55:18","guid":{"rendered":"https:\/\/hortis.co\/product\/beet-red-ace\/"},"modified":"2024-01-01T14:59:03","modified_gmt":"2024-01-01T19:59:03","slug":"beet-red-ace","status":"publish","type":"product","link":"https:\/\/hortis.co\/fr\/produit\/beet-red-ace\/","title":{"rendered":"Betterave Red Ace"},"content":{"rendered":"<div class=\"product-feature-line\">P\u00e9riode de plantation : Semer les graines directement dans le jardin de mai \u00e0 d\u00e9but juillet, mi-juin pour une r\u00e9colte compl\u00e8te. Les betteraves auront un meilleur go\u00fbt si elles poussent rapidement et r\u00e9guli\u00e8rement.<\/div>\n<div><\/div>\n<div class=\"product-feature-line\">SOL : Sol l\u00e9ger et l\u00e9g\u00e8rement sableux avec un pH de 6,0 ou plus. Elle doit \u00eatre exempte de pierres et de mottes pour permettre le bon d\u00e9veloppement du syst\u00e8me racinaire. Travailler le sol en profondeur avec du compost ou du fumier.<\/div>\n<div><\/div>\n<div class=\"product-feature-line\">EMPLACEMENT : Semer \u00e0 1 cm de profondeur. D\u00e9gager les plantes \u00e0 8 cm les unes des autres sur des rang\u00e9es espac\u00e9es d&rsquo;au moins 30-40 cm.<\/div>\n<div><\/div>\n<div class=\"product-feature-line\">CONSEILS DE CULTURE : De fortes pluies apr\u00e8s une longue p\u00e9riode de temps sec entra\u00eeneront une mauvaise coloration des racines. Ces p\u00e9riodes de s\u00e9cheresse provoquent \u00e9galement l&rsquo;apparition de racines coriaces ou ligneuses. Maintenir les betteraves bien arros\u00e9es. Une exposition en plein soleil est id\u00e9ale.<\/div>\n<div><\/div>\n<div class=\"product-feature-line\">R\u00c9COLTE : Les betteraves sont tendres d\u00e8s qu&rsquo;elles atteignent la moiti\u00e9 de leur taille, mais elles durcissent lorsqu&rsquo;elles sont plus grosses. Lorsque les plantes sont jeunes, les feuilles sont d\u00e9licieuses.<\/div>\n<div class=\"product-feature-line\"><\/div>\n<div class=\"product-feature-line\"><label class=\"product-feature-label\">Semences : <\/label>biologiques<\/div>\n<div class=\"product-feature-line\"><label class=\"product-feature-label\">Plantes d&rsquo;accompagnement : <\/label>ail, chou<\/div>\n<div class=\"product-feature-line\"><label class=\"product-feature-label\">Plantes rivales : <\/label>haricot \u00e0 rames<\/div>\n","protected":false},"excerpt":{"rendered":"<p>Vendu en paquets de 175 graines<\/p>\n<div class=\"product-feature-line\"><label class=\"product-feature-label\">Nom latin : <\/label>Beta vulgaris<\/div>\n<div class=\"product-feature-line\"><label class=\"product-feature-label\">Description de la vari\u00e9t\u00e9 : <\/label>Parmi toutes les vari\u00e9t\u00e9s de betteraves disponibles, celle-ci est la plus r\u00e9guli\u00e8re et la plus douce. Sa teneur en sucre extr\u00eamement \u00e9lev\u00e9e en fait un succulent favori pour la cuisine et les marinades.<\/div>\n<div class=\"product-feature-line\"><\/div>\n<div class=\"product-feature-line\"><label class=\"product-feature-label\">Maturit\u00e9 (jours) : <\/label>55<\/div>\n<div class=\"product-feature-line\"><label class=\"product-feature-label\">Couleur du feuillage : <\/label>Vert vif<\/div>\n<div class=\"product-feature-line\"><label class=\"product-feature-label\">Racine (forme) : <\/label>Ronde<\/div>\n","protected":false},"featured_media":19917,"template":"","meta":{"site-sidebar-layout":"default","site-content-layout":"","ast-site-content-layout":"default","site-content-style":"default","site-sidebar-style":"default","ast-global-header-display":"","ast-banner-title-visibility":"","ast-main-header-display":"","ast-hfb-above-header-display":"","ast-hfb-below-header-display":"","ast-hfb-mobile-header-display":"","site-post-title":"","ast-breadcrumbs-content":"","ast-featured-img":"","footer-sml-layout":"","ast-disable-related-posts":"","theme-transparent-header-meta":"default","adv-header-id-meta":"","stick-header-meta":"default","header-above-stick-meta":"","header-main-stick-meta":"","header-below-stick-meta":"","astra-migrate-meta-layouts":"default","ast-page-background-enabled":"default","ast-page-background-meta":{"desktop":{"background-color":"","background-image":"","background-repeat":"repeat","background-position":"center center","background-size":"auto","background-attachment":"scroll","background-type":"","background-media":"","overlay-type":"","overlay-color":"","overlay-opacity":"","overlay-gradient":""},"tablet":{"background-color":"","background-image":"","background-repeat":"repeat","background-position":"center center","background-size":"auto","background-attachment":"scroll","background-type":"","background-media":"","overlay-type":"","overlay-color":"","overlay-opacity":"","overlay-gradient":""},"mobile":{"background-color":"","background-image":"","background-repeat":"repeat","background-position":"center center","background-size":"auto","background-attachment":"scroll","background-type":"","background-media":"","overlay-type":"","overlay-color":"","overlay-opacity":"","overlay-gradient":""}},"ast-content-background-meta":{"desktop":{"background-color":"var(--ast-global-color-5)","background-image":"","background-repeat":"repeat","background-position":"center center","background-size":"auto","background-attachment":"scroll","background-type":"","background-media":"","overlay-type":"","overlay-color":"","overlay-opacity":"","overlay-gradient":""},"tablet":{"background-color":"var(--ast-global-color-5)","background-image":"","background-repeat":"repeat","background-position":"center center","background-size":"auto","background-attachment":"scroll","background-type":"","background-media":"","overlay-type":"","overlay-color":"","overlay-opacity":"","overlay-gradient":""},"mobile":{"background-color":"var(--ast-global-color-5)","background-image":"","background-repeat":"repeat","background-position":"center center","background-size":"auto","background-attachment":"scroll","background-type":"","background-media":"","overlay-type":"","overlay-color":"","overlay-opacity":"","overlay-gradient":""}}},"product_brand":[],"product_cat":[408],"product_tag":[],"class_list":{"0":"post-24124","1":"product","2":"type-product","3":"status-publish","4":"has-post-thumbnail","6":"product_cat-semences-de-legumes","7":"desktop-align-left","8":"tablet-align-left","9":"mobile-align-left","10":"ast-product-gallery-layout-horizontal-slider","11":"ast-product-gallery-with-no-image","12":"ast-product-tabs-layout-horizontal","14":"first","15":"instock","16":"taxable","17":"shipping-taxable","18":"purchasable","19":"product-type-simple"},"_links":{"self":[{"href":"https:\/\/hortis.co\/fr\/wp-json\/wp\/v2\/product\/24124","targetHints":{"allow":["GET"]}}],"collection":[{"href":"https:\/\/hortis.co\/fr\/wp-json\/wp\/v2\/product"}],"about":[{"href":"https:\/\/hortis.co\/fr\/wp-json\/wp\/v2\/types\/product"}],"wp:featuredmedia":[{"embeddable":true,"href":"https:\/\/hortis.co\/fr\/wp-json\/wp\/v2\/media\/19917"}],"wp:attachment":[{"href":"https:\/\/hortis.co\/fr\/wp-json\/wp\/v2\/media?parent=24124"}],"wp:term":[{"taxonomy":"product_brand","embeddable":true,"href":"https:\/\/hortis.co\/fr\/wp-json\/wp\/v2\/product_brand?post=24124"},{"taxonomy":"product_cat","embeddable":true,"href":"https:\/\/hortis.co\/fr\/wp-json\/wp\/v2\/product_cat?post=24124"},{"taxonomy":"product_tag","embeddable":true,"href":"https:\/\/hortis.co\/fr\/wp-json\/wp\/v2\/product_tag?post=24124"}],"curies":[{"name":"wp","href":"https:\/\/api.w.org\/{rel}","templated":true}]}}