{"id":24126,"date":"2020-12-26T17:55:30","date_gmt":"2020-12-26T22:55:30","guid":{"rendered":"https:\/\/hortis.co\/product\/eggplant-patio-baby\/"},"modified":"2024-01-01T14:23:11","modified_gmt":"2024-01-01T19:23:11","slug":"eggplant-patio-baby","status":"publish","type":"product","link":"https:\/\/hortis.co\/fr\/produit\/eggplant-patio-baby\/","title":{"rendered":"Aubergine Patio Baby"},"content":{"rendered":"<div class=\"product-feature-line\"><label class=\"product-feature-label\"><\/label>PRATIQUES CULTURALES : L&rsquo;aubergine est cultiv\u00e9e comme les plants de tomates. D\u00e9marrer en int\u00e9rieur, puis repiquer dans le jardin 6 \u00e0 8 semaines plus tard. La germination est lente, peut prendre jusqu&rsquo;\u00e0 3 semaines, et des temp\u00e9ratures chaudes (24\u2070 C) sont n\u00e9cessaires. Les plants doivent \u00eatre endurcis, mais pas en dessous d&rsquo;une temp\u00e9rature de 15\u2070 C. Au jardin, espacer les plants de 61 cm, en rang\u00e9es de 80 cm, dans un sol chaud et riche. Le fruit le plus savoureux est obtenu en le cueillant avant que les graines \u00e0 l&rsquo;int\u00e9rieur ne soient compl\u00e8tement d\u00e9velopp\u00e9es.<\/div>\n<div class=\"product-feature-line\"><\/div>\n<div class=\"product-feature-line\"><label class=\"product-feature-label\">Semences : <\/label>non trait\u00e9es<\/div>\n<div class=\"product-feature-line\"><label class=\"product-feature-label\">Plantes compagnes : <\/label>haricot, bourrache, persil, pois, estragon, thym<\/div>\n<div class=\"product-feature-line\"><label class=\"product-feature-label\">Plantes rivales : <\/label>gombo, pomme de terre, tomate<\/div>\n","protected":false},"excerpt":{"rendered":"<p>Vendu par paquet de 20 graines<\/p>\n<div class=\"product-feature-line\"><label class=\"product-feature-label\">Nom du produit : <\/label>Aubergine<\/div>\n<div class=\"product-feature-line\"><label class=\"product-feature-label\">Nom latin : <\/label>Solanum melongena<\/div>\n<div class=\"product-feature-line\"><label class=\"product-feature-label\">Description de la vari\u00e9t\u00e9 : <\/label>Vari\u00e9t\u00e9 unique, \u00e0 haut rendement, presque sans \u00e9pines, compacte, qui produit des aubergines de petite taille tr\u00e8s t\u00f4t avec une large fen\u00eatre de r\u00e9colte. Convient \u00e0 la culture en conteneurs ou dans le jardin.<\/div>\n<div class=\"product-feature-line\"><\/div>\n<div class=\"product-feature-line\"><label class=\"product-feature-label\">Maturit\u00e9 (jours) : <\/label>45<\/div>\n<div class=\"product-feature-line\"><label class=\"product-feature-label\">Couleur : <\/label>violet fonc\u00e9<\/div>\n<div class=\"product-feature-line\"><label class=\"product-feature-label\">Taille du fruit (cm) : <\/label>10 x 12<\/div>\n<div class=\"product-feature-line\"><label class=\"product-feature-label\">Forme du fruit : <\/label>Ovale<\/div>\n","protected":false},"featured_media":19968,"template":"","meta":{"site-sidebar-layout":"default","site-content-layout":"","ast-site-content-layout":"default","site-content-style":"default","site-sidebar-style":"default","ast-global-header-display":"","ast-banner-title-visibility":"","ast-main-header-display":"","ast-hfb-above-header-display":"","ast-hfb-below-header-display":"","ast-hfb-mobile-header-display":"","site-post-title":"","ast-breadcrumbs-content":"","ast-featured-img":"","footer-sml-layout":"","ast-disable-related-posts":"","theme-transparent-header-meta":"","adv-header-id-meta":"","stick-header-meta":"","header-above-stick-meta":"","header-main-stick-meta":"","header-below-stick-meta":"","astra-migrate-meta-layouts":"default","ast-page-background-enabled":"default","ast-page-background-meta":{"desktop":{"background-color":"","background-image":"","background-repeat":"repeat","background-position":"center center","background-size":"auto","background-attachment":"scroll","background-type":"","background-media":"","overlay-type":"","overlay-color":"","overlay-opacity":"","overlay-gradient":""},"tablet":{"background-color":"","background-image":"","background-repeat":"repeat","background-position":"center center","background-size":"auto","background-attachment":"scroll","background-type":"","background-media":"","overlay-type":"","overlay-color":"","overlay-opacity":"","overlay-gradient":""},"mobile":{"background-color":"","background-image":"","background-repeat":"repeat","background-position":"center center","background-size":"auto","background-attachment":"scroll","background-type":"","background-media":"","overlay-type":"","overlay-color":"","overlay-opacity":"","overlay-gradient":""}},"ast-content-background-meta":{"desktop":{"background-color":"var(--ast-global-color-5)","background-image":"","background-repeat":"repeat","background-position":"center center","background-size":"auto","background-attachment":"scroll","background-type":"","background-media":"","overlay-type":"","overlay-color":"","overlay-opacity":"","overlay-gradient":""},"tablet":{"background-color":"var(--ast-global-color-5)","background-image":"","background-repeat":"repeat","background-position":"center center","background-size":"auto","background-attachment":"scroll","background-type":"","background-media":"","overlay-type":"","overlay-color":"","overlay-opacity":"","overlay-gradient":""},"mobile":{"background-color":"var(--ast-global-color-5)","background-image":"","background-repeat":"repeat","background-position":"center center","background-size":"auto","background-attachment":"scroll","background-type":"","background-media":"","overlay-type":"","overlay-color":"","overlay-opacity":"","overlay-gradient":""}}},"product_brand":[],"product_cat":[408],"product_tag":[],"class_list":{"0":"post-24126","1":"product","2":"type-product","3":"status-publish","4":"has-post-thumbnail","6":"product_cat-semences-de-legumes","7":"desktop-align-left","8":"tablet-align-left","9":"mobile-align-left","10":"ast-product-gallery-layout-horizontal-slider","11":"ast-product-gallery-with-no-image","12":"ast-product-tabs-layout-horizontal","14":"first","15":"instock","16":"taxable","17":"shipping-taxable","18":"purchasable","19":"product-type-simple"},"_links":{"self":[{"href":"https:\/\/hortis.co\/fr\/wp-json\/wp\/v2\/product\/24126","targetHints":{"allow":["GET"]}}],"collection":[{"href":"https:\/\/hortis.co\/fr\/wp-json\/wp\/v2\/product"}],"about":[{"href":"https:\/\/hortis.co\/fr\/wp-json\/wp\/v2\/types\/product"}],"wp:featuredmedia":[{"embeddable":true,"href":"https:\/\/hortis.co\/fr\/wp-json\/wp\/v2\/media\/19968"}],"wp:attachment":[{"href":"https:\/\/hortis.co\/fr\/wp-json\/wp\/v2\/media?parent=24126"}],"wp:term":[{"taxonomy":"product_brand","embeddable":true,"href":"https:\/\/hortis.co\/fr\/wp-json\/wp\/v2\/product_brand?post=24126"},{"taxonomy":"product_cat","embeddable":true,"href":"https:\/\/hortis.co\/fr\/wp-json\/wp\/v2\/product_cat?post=24126"},{"taxonomy":"product_tag","embeddable":true,"href":"https:\/\/hortis.co\/fr\/wp-json\/wp\/v2\/product_tag?post=24126"}],"curies":[{"name":"wp","href":"https:\/\/api.w.org\/{rel}","templated":true}]}}