{"id":24127,"date":"2020-12-26T17:55:23","date_gmt":"2020-12-26T22:55:23","guid":{"rendered":"https:\/\/hortis.co\/product\/carrot-naval\/"},"modified":"2024-01-01T15:01:05","modified_gmt":"2024-01-01T20:01:05","slug":"carrot-naval","status":"publish","type":"product","link":"https:\/\/hortis.co\/fr\/produit\/carrot-naval\/","title":{"rendered":"Carotte Naval"},"content":{"rendered":"<div class=\"product-feature-line\">P\u00e9riode de plantation : Semer d\u00e9but mai pour une r\u00e9colte pr\u00e9coce, mi-juin pour une r\u00e9colte d&rsquo;automne et m\u00eame d\u00e9but juillet pour des carottes jeunes et tendres en fin de saison.<\/div>\n<div><\/div>\n<div class=\"product-feature-line\">SOL : Les carottes pr\u00e9f\u00e8rent un sol assez riche, travaill\u00e9 en profondeur, exempt de pierres et \u00e0 l&rsquo;humidit\u00e9 r\u00e9guli\u00e8re. Les vari\u00e9t\u00e9s plus courtes conviennent aux sols peu profonds ou lourds ; les vari\u00e9t\u00e9s plus longues ont besoin d&rsquo;un sol plus profond.<\/div>\n<div><\/div>\n<div class=\"product-feature-line\">ESPACEMENT : Semer \u00e0 6 mm de profondeur, en rangs espac\u00e9s de 40 cm. Espacer les carottes de 5 cm. Semer les graines finement et les recouvrir de terre. Remontez bien le sol autour des plantes pour \u00e9viter qu&rsquo;elles ne br\u00fblent.<\/div>\n<div><\/div>\n<div class=\"product-feature-line\">CONSEILS DE CULTURE : Garder le sol humide pour une bonne formation de la racine. Planter en plein soleil ou \u00e0 l&rsquo;ombre l\u00e9g\u00e8re. Mangeurs de lumi\u00e8re. Binez le sol sur les couronnes de racines expos\u00e9es pour \u00e9viter qu&rsquo;elles ne verdissent.<\/div>\n<div><\/div>\n<div class=\"product-feature-line\">R\u00c9COLTE : La forme des racines peut varier consid\u00e9rablement en fonction de l&rsquo;environnement et des conditions de culture. Levez les carottes lorsque leur taille est conforme \u00e0 la vari\u00e9t\u00e9 et lorsqu&rsquo;elles ont une belle couleur orange. Les jeunes carottes doivent \u00eatre cueillies \u00e0 un stade pr\u00e9coce, sinon elles continueront \u00e0 pousser. Peut \u00eatre conserv\u00e9 au frais.<\/div>\n<div class=\"product-feature-line\"><\/div>\n<div class=\"product-feature-line\"><label class=\"product-feature-label\">Semences : <\/label>biologiques<\/div>\n<div class=\"product-feature-line\"><label class=\"product-feature-label\">Plantes compagnes : <\/label>absinthe, haricot, chicor\u00e9e, ciboulette, coriandre, endive, cerise de terre, poireau, oignon, pois, poivre, radis, romarin, sauge, salsifis, \u00e9chalote, tomate.<\/div>\n<div class=\"product-feature-line\"><label class=\"product-feature-label\">Plantes rivales : <\/label>betterave, aneth, ail, menthe, persil<\/div>\n","protected":false},"excerpt":{"rendered":"<p>Vendu par paquets de 1000 graines (s\/pkt)<\/p>\n<div class=\"product-feature-line\"><label class=\"product-feature-label\">Nom du produit<\/label> : Carotte navale<\/div>\n<div class=\"product-feature-line\"><label class=\"product-feature-label\">Nom latin : <\/label>Daucus carota<\/div>\n<div class=\"product-feature-line\"><label class=\"product-feature-label\">Description de la vari\u00e9t\u00e9 : <\/label>Voici une nouvelle carotte nantaise qui vous permettra de r\u00e9colter de grosses racines t\u00f4t dans la saison et vous aidera \u00e0 maximiser l&rsquo;espace dans votre jardin. La carotte nantaise a un go\u00fbt sucr\u00e9 qui ne peut que vous plaire.<\/div>\n<div class=\"product-feature-line\"><\/div>\n<div class=\"product-feature-line\"><label class=\"product-feature-label\">Maturit\u00e9 (jours) : <\/label>55<\/div>\n<div class=\"product-feature-line\"><label class=\"product-feature-label\">Couleur interne : <\/label>Dark Small Core<\/div>\n<div class=\"product-feature-line\"><label class=\"product-feature-label\">Diam\u00e8tre du col (cm) : <\/label>2-2,5<\/div>\n<div class=\"product-feature-line\"><label class=\"product-feature-label\">Feuillage (hauteur) : <\/label>35-40 cm<\/div>\n<div class=\"product-feature-line\"><label class=\"product-feature-label\">Longueur des racines : <\/label>20 cm<\/div>\n<div class=\"product-feature-line\"><label class=\"product-feature-label\">Racine (forme) : <\/label>Allong\u00e9e<\/div>\n","protected":false},"featured_media":19935,"template":"","meta":{"site-sidebar-layout":"default","site-content-layout":"","ast-site-content-layout":"default","site-content-style":"default","site-sidebar-style":"default","ast-global-header-display":"","ast-banner-title-visibility":"","ast-main-header-display":"","ast-hfb-above-header-display":"","ast-hfb-below-header-display":"","ast-hfb-mobile-header-display":"","site-post-title":"","ast-breadcrumbs-content":"","ast-featured-img":"","footer-sml-layout":"","ast-disable-related-posts":"","theme-transparent-header-meta":"default","adv-header-id-meta":"","stick-header-meta":"default","header-above-stick-meta":"","header-main-stick-meta":"","header-below-stick-meta":"","astra-migrate-meta-layouts":"default","ast-page-background-enabled":"default","ast-page-background-meta":{"desktop":{"background-color":"","background-image":"","background-repeat":"repeat","background-position":"center center","background-size":"auto","background-attachment":"scroll","background-type":"","background-media":"","overlay-type":"","overlay-color":"","overlay-opacity":"","overlay-gradient":""},"tablet":{"background-color":"","background-image":"","background-repeat":"repeat","background-position":"center center","background-size":"auto","background-attachment":"scroll","background-type":"","background-media":"","overlay-type":"","overlay-color":"","overlay-opacity":"","overlay-gradient":""},"mobile":{"background-color":"","background-image":"","background-repeat":"repeat","background-position":"center center","background-size":"auto","background-attachment":"scroll","background-type":"","background-media":"","overlay-type":"","overlay-color":"","overlay-opacity":"","overlay-gradient":""}},"ast-content-background-meta":{"desktop":{"background-color":"var(--ast-global-color-5)","background-image":"","background-repeat":"repeat","background-position":"center center","background-size":"auto","background-attachment":"scroll","background-type":"","background-media":"","overlay-type":"","overlay-color":"","overlay-opacity":"","overlay-gradient":""},"tablet":{"background-color":"var(--ast-global-color-5)","background-image":"","background-repeat":"repeat","background-position":"center center","background-size":"auto","background-attachment":"scroll","background-type":"","background-media":"","overlay-type":"","overlay-color":"","overlay-opacity":"","overlay-gradient":""},"mobile":{"background-color":"var(--ast-global-color-5)","background-image":"","background-repeat":"repeat","background-position":"center center","background-size":"auto","background-attachment":"scroll","background-type":"","background-media":"","overlay-type":"","overlay-color":"","overlay-opacity":"","overlay-gradient":""}}},"product_brand":[],"product_cat":[408],"product_tag":[],"class_list":{"0":"post-24127","1":"product","2":"type-product","3":"status-publish","4":"has-post-thumbnail","6":"product_cat-semences-de-legumes","7":"desktop-align-left","8":"tablet-align-left","9":"mobile-align-left","10":"ast-product-gallery-layout-horizontal-slider","11":"ast-product-gallery-with-no-image","12":"ast-product-tabs-layout-horizontal","14":"first","15":"instock","16":"taxable","17":"shipping-taxable","18":"purchasable","19":"product-type-simple"},"_links":{"self":[{"href":"https:\/\/hortis.co\/fr\/wp-json\/wp\/v2\/product\/24127","targetHints":{"allow":["GET"]}}],"collection":[{"href":"https:\/\/hortis.co\/fr\/wp-json\/wp\/v2\/product"}],"about":[{"href":"https:\/\/hortis.co\/fr\/wp-json\/wp\/v2\/types\/product"}],"wp:featuredmedia":[{"embeddable":true,"href":"https:\/\/hortis.co\/fr\/wp-json\/wp\/v2\/media\/19935"}],"wp:attachment":[{"href":"https:\/\/hortis.co\/fr\/wp-json\/wp\/v2\/media?parent=24127"}],"wp:term":[{"taxonomy":"product_brand","embeddable":true,"href":"https:\/\/hortis.co\/fr\/wp-json\/wp\/v2\/product_brand?post=24127"},{"taxonomy":"product_cat","embeddable":true,"href":"https:\/\/hortis.co\/fr\/wp-json\/wp\/v2\/product_cat?post=24127"},{"taxonomy":"product_tag","embeddable":true,"href":"https:\/\/hortis.co\/fr\/wp-json\/wp\/v2\/product_tag?post=24127"}],"curies":[{"name":"wp","href":"https:\/\/api.w.org\/{rel}","templated":true}]}}