{"id":24132,"date":"2020-12-26T17:55:29","date_gmt":"2020-12-26T22:55:29","guid":{"rendered":"https:\/\/hortis.co\/product\/concombre-marketmore-76\/"},"modified":"2024-01-01T16:08:56","modified_gmt":"2024-01-01T21:08:56","slug":"concombre-marketmore-76","status":"publish","type":"product","link":"https:\/\/hortis.co\/fr\/produit\/concombre-marketmore-76\/","title":{"rendered":"Concombre Marketmore 76"},"content":{"rendered":"<div class=\"product-feature-line\"><label class=\"product-feature-label\"><\/label>PRATIQUES CULTURALES : Le concombre est une plante grimpante qui s&rsquo;adapte bien \u00e0 un treillis si vous disposez d&rsquo;un espace limit\u00e9 ou si vous souhaitez produire des fruits plus droits. Il peut \u00e9galement \u00eatre cultiv\u00e9 sur le sol. La germination ne commencera que si la plante est plant\u00e9e dans un sol chaud, autour de 16\u00ba C mais pas en dessous de 10\u00ba C, et lorsqu&rsquo;il n&rsquo;y a plus de risque de gel, auquel les plants de concombre ne peuvent pas survivre. Commencez les semences \u00e0 l&rsquo;int\u00e9rieur au moins 3 semaines avant la transplantation. R\u00e9duisez le mat\u00e9riel de plantation en utilisant des pots Jiffy (voir Aides au jardinage).<\/div>\n<div><\/div>\n<div class=\"product-feature-line\">SOL : Sol l\u00e9ger et bien drain\u00e9.<\/div>\n<div><\/div>\n<div class=\"product-feature-line\">ESPACEMENT : Mettez 5 \u00e0 6 graines par monticule et espacez-les de 1,5 \u00e0 3 m\u00e8tres tout autour.<\/div>\n<div><\/div>\n<div class=\"product-feature-line\">CONSEILS DE CULTURE : Le plein soleil et l&rsquo;humidit\u00e9 sont n\u00e9cessaires. Avant la transplantation, le sol doit \u00eatre bien arros\u00e9. Utilisez un paillis noir pour prot\u00e9ger les semences et augmenter la temp\u00e9rature du sol.<\/div>\n<div><\/div>\n<div class=\"product-feature-line\">R\u00c9COLTE : Cueillez les concombres \u00e0 couper lorsqu&rsquo;ils atteignent une longueur de 15 \u00e0 20 cm. Les concombres de cornichon doivent \u00eatre cueillis lorsqu&rsquo;ils mesurent entre 2,5 et 7 cm de long.<\/div>\n<div class=\"product-feature-line\"><\/div>\n<div class=\"product-feature-line\"><label class=\"product-feature-label\">Semences : <\/label>trait\u00e9es<\/div>\n<div class=\"product-feature-line\"><label class=\"product-feature-label\">Plantes compagnes : <\/label>haricot, brocoli, camomille, c\u00e9leri, ciboulette, cumin, aneth, fenouil, chou-rave, laitue, marjolaine, gombo, origan, pois, radis.<\/div>\n<div class=\"product-feature-line\"><label class=\"product-feature-label\">Plantes rivales : <\/label>menthe, sauge, sarriette, bette \u00e0 carde, romarin, rue, tomate, courgette<\/div>\n","protected":false},"excerpt":{"rendered":"<p>Vendu en paquets de 30 graines<\/p>\n<div class=\"product-feature-line\"><label class=\"product-feature-label\">Nom du produit : <\/label>Concombre<\/div>\n<div class=\"product-feature-line\"><label class=\"product-feature-label\">Nom latin : <\/label>Cucumis sativus<\/div>\n<div class=\"product-feature-line\"><label class=\"product-feature-label\">Description de la vari\u00e9t\u00e9 : <\/label>Vari\u00e9t\u00e9 \u00e0 pollinisation ouverte tr\u00e8s populaire depuis de nombreuses ann\u00e9es. Se distingue encore par sa productivit\u00e9, ses fruits droits et savoureux.<\/div>\n<div class=\"product-feature-line\"><\/div>\n<div class=\"product-feature-line\"><label class=\"product-feature-label\">Maturit\u00e9 (jours) : <\/label>63<\/div>\n<div class=\"product-feature-line\"><label class=\"product-feature-label\">Taille du fruit (cm) : <\/label>23 x 6,5<\/div>\n","protected":false},"featured_media":19959,"template":"","meta":{"site-sidebar-layout":"default","site-content-layout":"","ast-site-content-layout":"default","site-content-style":"default","site-sidebar-style":"default","ast-global-header-display":"","ast-banner-title-visibility":"","ast-main-header-display":"","ast-hfb-above-header-display":"","ast-hfb-below-header-display":"","ast-hfb-mobile-header-display":"","site-post-title":"","ast-breadcrumbs-content":"","ast-featured-img":"","footer-sml-layout":"","ast-disable-related-posts":"","theme-transparent-header-meta":"default","adv-header-id-meta":"","stick-header-meta":"default","header-above-stick-meta":"","header-main-stick-meta":"","header-below-stick-meta":"","astra-migrate-meta-layouts":"default","ast-page-background-enabled":"default","ast-page-background-meta":{"desktop":{"background-color":"","background-image":"","background-repeat":"repeat","background-position":"center center","background-size":"auto","background-attachment":"scroll","background-type":"","background-media":"","overlay-type":"","overlay-color":"","overlay-opacity":"","overlay-gradient":""},"tablet":{"background-color":"","background-image":"","background-repeat":"repeat","background-position":"center center","background-size":"auto","background-attachment":"scroll","background-type":"","background-media":"","overlay-type":"","overlay-color":"","overlay-opacity":"","overlay-gradient":""},"mobile":{"background-color":"","background-image":"","background-repeat":"repeat","background-position":"center center","background-size":"auto","background-attachment":"scroll","background-type":"","background-media":"","overlay-type":"","overlay-color":"","overlay-opacity":"","overlay-gradient":""}},"ast-content-background-meta":{"desktop":{"background-color":"var(--ast-global-color-5)","background-image":"","background-repeat":"repeat","background-position":"center center","background-size":"auto","background-attachment":"scroll","background-type":"","background-media":"","overlay-type":"","overlay-color":"","overlay-opacity":"","overlay-gradient":""},"tablet":{"background-color":"var(--ast-global-color-5)","background-image":"","background-repeat":"repeat","background-position":"center center","background-size":"auto","background-attachment":"scroll","background-type":"","background-media":"","overlay-type":"","overlay-color":"","overlay-opacity":"","overlay-gradient":""},"mobile":{"background-color":"var(--ast-global-color-5)","background-image":"","background-repeat":"repeat","background-position":"center center","background-size":"auto","background-attachment":"scroll","background-type":"","background-media":"","overlay-type":"","overlay-color":"","overlay-opacity":"","overlay-gradient":""}}},"product_brand":[],"product_cat":[408],"product_tag":[],"class_list":{"0":"post-24132","1":"product","2":"type-product","3":"status-publish","4":"has-post-thumbnail","6":"product_cat-semences-de-legumes","7":"desktop-align-left","8":"tablet-align-left","9":"mobile-align-left","10":"ast-product-gallery-layout-horizontal-slider","11":"ast-product-gallery-with-no-image","12":"ast-product-tabs-layout-horizontal","14":"first","15":"instock","16":"taxable","17":"shipping-taxable","18":"purchasable","19":"product-type-simple"},"_links":{"self":[{"href":"https:\/\/hortis.co\/fr\/wp-json\/wp\/v2\/product\/24132","targetHints":{"allow":["GET"]}}],"collection":[{"href":"https:\/\/hortis.co\/fr\/wp-json\/wp\/v2\/product"}],"about":[{"href":"https:\/\/hortis.co\/fr\/wp-json\/wp\/v2\/types\/product"}],"wp:featuredmedia":[{"embeddable":true,"href":"https:\/\/hortis.co\/fr\/wp-json\/wp\/v2\/media\/19959"}],"wp:attachment":[{"href":"https:\/\/hortis.co\/fr\/wp-json\/wp\/v2\/media?parent=24132"}],"wp:term":[{"taxonomy":"product_brand","embeddable":true,"href":"https:\/\/hortis.co\/fr\/wp-json\/wp\/v2\/product_brand?post=24132"},{"taxonomy":"product_cat","embeddable":true,"href":"https:\/\/hortis.co\/fr\/wp-json\/wp\/v2\/product_cat?post=24132"},{"taxonomy":"product_tag","embeddable":true,"href":"https:\/\/hortis.co\/fr\/wp-json\/wp\/v2\/product_tag?post=24132"}],"curies":[{"name":"wp","href":"https:\/\/api.w.org\/{rel}","templated":true}]}}