{"id":24134,"date":"2020-12-26T17:55:34","date_gmt":"2020-12-26T22:55:34","guid":{"rendered":"https:\/\/hortis.co\/product\/lettuce-buttercrunch\/"},"modified":"2024-01-01T16:24:28","modified_gmt":"2024-01-01T21:24:28","slug":"lettuce-buttercrunch","status":"publish","type":"product","link":"https:\/\/hortis.co\/fr\/produit\/lettuce-buttercrunch\/","title":{"rendered":"LETTUCE Buttercrunch"},"content":{"rendered":"<div class=\"product-feature-line\"><label class=\"product-feature-label\"><\/label>P\u00c9RIODE DE PLANTATION : La laitue est la premi\u00e8re culture du printemps. Sa bonne r\u00e9sistance au froid lui permet d&rsquo;\u00eatre sem\u00e9 d\u00e8s que la terre peut \u00eatre travaill\u00e9e. Pour une r\u00e9colte pr\u00e9coce, semer en couche froide ou chaude et repiquer directement en mai. La germination sera plus rapide et plus uniforme si la temp\u00e9rature se situe entre 10 et 15\u2070 C.<\/div>\n<div><\/div>\n<div class=\"product-feature-line\">SOL : Un sol riche et bien drain\u00e9 est pr\u00e9f\u00e9rable.<\/div>\n<div><\/div>\n<div class=\"product-feature-line\">ESPACEMENT : Pour la r\u00e9colte principale, semer directement en rangs espac\u00e9s de 40 \u00e0 45 cm. Laisser 20 \u00e0 25 cm entre les plantes selon les vari\u00e9t\u00e9s.<\/div>\n<div><\/div>\n<div class=\"product-feature-line\">CONSEILS DE CULTURE : Il est utile d&rsquo;ajouter au sol un engrais riche en azote, du fumier d\u00e9compos\u00e9 ou du compost. Le plein soleil est n\u00e9cessaire. La surface du sol doit rester constamment humide. Pour r\u00e9duire les mauvaises herbes et garder le sol frais, il est conseill\u00e9 de le pailler.<\/div>\n<div><\/div>\n<div class=\"product-feature-line\">R\u00c9COLTE : Cueillir la laitue t\u00f4t le matin. La fermet\u00e9 est une indication de l&rsquo;\u00e9tat de pr\u00e9paration.<\/div>\n<div class=\"product-feature-line\"><\/div>\n<div class=\"product-feature-line\"><label class=\"product-feature-label\">Semences : <\/label>biologiques<\/div>\n<div class=\"product-feature-line\"><label class=\"product-feature-label\">Plantes compagnes : <\/label>betterave, chou, pois, radis, fraise<\/div>\n<div class=\"product-feature-line\"><label class=\"product-feature-label\">Plantes concurrentes : le <\/label>persil<\/div>\n","protected":false},"excerpt":{"rendered":"<p>Vendu en paquets de 600 graines<\/p>\n<div class=\"product-feature-line\"><label class=\"product-feature-label\">Nom du produit : <\/label>Laitue &#8211; Butterhead<\/div>\n<div class=\"product-feature-line\"><label class=\"product-feature-label\">Nom latin : <\/label>Lactuca sativa<\/div>\n<div class=\"product-feature-line\"><label class=\"product-feature-label\">Description de la vari\u00e9t\u00e9 : <\/label>Vari\u00e9t\u00e9 populaire. Feuilles croquantes et savoureuses. Tol\u00e8re la chaleur. Lent \u00e0 d\u00e9coller. Une t\u00eate lourde de taille moyenne.<\/div>\n<div class=\"product-feature-line\"><\/div>\n<div class=\"product-feature-line\"><label class=\"product-feature-label\">Maturit\u00e9 (jours) : <\/label>55<\/div>\n<div class=\"product-feature-line\"><label class=\"product-feature-label\">Couleur du feuillage : <\/label>vert<\/div>\n","protected":false},"featured_media":19987,"template":"","meta":{"site-sidebar-layout":"default","site-content-layout":"","ast-site-content-layout":"default","site-content-style":"default","site-sidebar-style":"default","ast-global-header-display":"","ast-banner-title-visibility":"","ast-main-header-display":"","ast-hfb-above-header-display":"","ast-hfb-below-header-display":"","ast-hfb-mobile-header-display":"","site-post-title":"","ast-breadcrumbs-content":"","ast-featured-img":"","footer-sml-layout":"","ast-disable-related-posts":"","theme-transparent-header-meta":"default","adv-header-id-meta":"","stick-header-meta":"default","header-above-stick-meta":"","header-main-stick-meta":"","header-below-stick-meta":"","astra-migrate-meta-layouts":"default","ast-page-background-enabled":"default","ast-page-background-meta":{"desktop":{"background-color":"","background-image":"","background-repeat":"repeat","background-position":"center center","background-size":"auto","background-attachment":"scroll","background-type":"","background-media":"","overlay-type":"","overlay-color":"","overlay-opacity":"","overlay-gradient":""},"tablet":{"background-color":"","background-image":"","background-repeat":"repeat","background-position":"center center","background-size":"auto","background-attachment":"scroll","background-type":"","background-media":"","overlay-type":"","overlay-color":"","overlay-opacity":"","overlay-gradient":""},"mobile":{"background-color":"","background-image":"","background-repeat":"repeat","background-position":"center center","background-size":"auto","background-attachment":"scroll","background-type":"","background-media":"","overlay-type":"","overlay-color":"","overlay-opacity":"","overlay-gradient":""}},"ast-content-background-meta":{"desktop":{"background-color":"var(--ast-global-color-5)","background-image":"","background-repeat":"repeat","background-position":"center center","background-size":"auto","background-attachment":"scroll","background-type":"","background-media":"","overlay-type":"","overlay-color":"","overlay-opacity":"","overlay-gradient":""},"tablet":{"background-color":"var(--ast-global-color-5)","background-image":"","background-repeat":"repeat","background-position":"center center","background-size":"auto","background-attachment":"scroll","background-type":"","background-media":"","overlay-type":"","overlay-color":"","overlay-opacity":"","overlay-gradient":""},"mobile":{"background-color":"var(--ast-global-color-5)","background-image":"","background-repeat":"repeat","background-position":"center center","background-size":"auto","background-attachment":"scroll","background-type":"","background-media":"","overlay-type":"","overlay-color":"","overlay-opacity":"","overlay-gradient":""}}},"product_brand":[],"product_cat":[408],"product_tag":[],"class_list":{"0":"post-24134","1":"product","2":"type-product","3":"status-publish","4":"has-post-thumbnail","6":"product_cat-semences-de-legumes","7":"desktop-align-left","8":"tablet-align-left","9":"mobile-align-left","10":"ast-product-gallery-layout-horizontal-slider","11":"ast-product-gallery-with-no-image","12":"ast-product-tabs-layout-horizontal","14":"first","15":"instock","16":"taxable","17":"shipping-taxable","18":"purchasable","19":"product-type-simple"},"_links":{"self":[{"href":"https:\/\/hortis.co\/fr\/wp-json\/wp\/v2\/product\/24134","targetHints":{"allow":["GET"]}}],"collection":[{"href":"https:\/\/hortis.co\/fr\/wp-json\/wp\/v2\/product"}],"about":[{"href":"https:\/\/hortis.co\/fr\/wp-json\/wp\/v2\/types\/product"}],"wp:featuredmedia":[{"embeddable":true,"href":"https:\/\/hortis.co\/fr\/wp-json\/wp\/v2\/media\/19987"}],"wp:attachment":[{"href":"https:\/\/hortis.co\/fr\/wp-json\/wp\/v2\/media?parent=24134"}],"wp:term":[{"taxonomy":"product_brand","embeddable":true,"href":"https:\/\/hortis.co\/fr\/wp-json\/wp\/v2\/product_brand?post=24134"},{"taxonomy":"product_cat","embeddable":true,"href":"https:\/\/hortis.co\/fr\/wp-json\/wp\/v2\/product_cat?post=24134"},{"taxonomy":"product_tag","embeddable":true,"href":"https:\/\/hortis.co\/fr\/wp-json\/wp\/v2\/product_tag?post=24134"}],"curies":[{"name":"wp","href":"https:\/\/api.w.org\/{rel}","templated":true}]}}